{"id":810,"date":"2018-10-31T16:05:18","date_gmt":"2018-10-31T16:05:18","guid":{"rendered":"http:\/\/www.parkingmax.pl\/?page_id=810"},"modified":"2025-06-23T14:49:08","modified_gmt":"2025-06-23T14:49:08","slug":"home-4","status":"publish","type":"page","link":"https:\/\/www.parkingmax.pl\/","title":{"rendered":"Home 4"},"content":{"rendered":"<section class=\"wpb-content-wrapper\"><p>[vc_row full_width=&#8221;stretch_row_content_no_spaces&#8221;][vc_column icons_position=&#8221;left&#8221;][rev_slider_vc alias=&#8221;slider-4&#8243;][\/vc_column][\/vc_row][vc_row full_width=&#8221;stretch_row&#8221; hide_bg_image_on_tablet=&#8221;&#8221; hide_bg_image_on_mobile=&#8221;&#8221; row_delimiter=&#8221;&#8221; hide_on_desktop=&#8221;1&#8243; hide_on_notebook=&#8221;1&#8243; hide_on_tablet=&#8221;1&#8243; hide_on_mobile=&#8221;&#8221; hide_on_frontpage=&#8221;&#8221; css=&#8221;.vc_custom_1540991807205{background-color: #f6f7f8 !important;}&#8221;][vc_column icons_position=&#8221;left&#8221; offset=&#8221;vc_col-md-offset-1 vc_col-md-10&#8243;][vc_empty_space alter_height=&#8221;medium&#8221; hide_on_desktop=&#8221;&#8221; hide_on_notebook=&#8221;&#8221; hide_on_tablet=&#8221;&#8221; hide_on_mobile=&#8221;&#8221;]\n<div class=\"wpcf7 no-js\" id=\"wpcf7-f5-o1\" lang=\"en-US\" dir=\"ltr\">\n<div class=\"screen-reader-response\"><p role=\"status\" aria-live=\"polite\" aria-atomic=\"true\"><\/p> <ul><\/ul><\/div>\n<form action=\"\/index.php\/wp-json\/wp\/v2\/pages\/810#wpcf7-f5-o1\" method=\"post\" class=\"wpcf7-form init\" aria-label=\"Contact form\" novalidate=\"novalidate\" data-status=\"init\">\n<div style=\"display: none;\">\n<input type=\"hidden\" name=\"_wpcf7\" value=\"5\" \/>\n<input type=\"hidden\" name=\"_wpcf7_version\" value=\"5.9.8\" \/>\n<input type=\"hidden\" name=\"_wpcf7_locale\" value=\"en_US\" \/>\n<input type=\"hidden\" name=\"_wpcf7_unit_tag\" value=\"wpcf7-f5-o1\" \/>\n<input type=\"hidden\" name=\"_wpcf7_container_post\" value=\"0\" \/>\n<input type=\"hidden\" name=\"_wpcf7_posted_data_hash\" value=\"\" \/>\n<\/div>\n<div class=\"columns_wrap\">\n    <div class=\"column-1_6\"><b>Data od<\/b> <span class=\"wpcf7-form-control-wrap\" data-name=\"date-from\"><input class=\"wpcf7-form-control wpcf7-date wpcf7-validates-as-required wpcf7-validates-as-date\" aria-required=\"true\" aria-invalid=\"false\" placeholder=\"Data rozpocz\u0119cia\" value=\"\" type=\"date\" name=\"date-from\" \/><\/span><\/div>\n    <div class=\"column-1_6\"><span class=\"wpcf7-form-control-wrap\" data-name=\"name1\"><input size=\"40\" maxlength=\"400\" class=\"wpcf7-form-control wpcf7-text wpcf7-validates-as-required\" aria-required=\"true\" aria-invalid=\"false\" placeholder=\"Imi\u0119 i nazwisko\" value=\"\" type=\"text\" name=\"name1\" \/><\/span><\/div>\n    <div class=\"column-1_6\"><span class=\"wpcf7-form-control-wrap\" data-name=\"name2\"><input size=\"40\" maxlength=\"400\" class=\"wpcf7-form-control wpcf7-text wpcf7-validates-as-required\" aria-required=\"true\" aria-invalid=\"false\" placeholder=\"Marka i model\" value=\"\" type=\"text\" name=\"name2\" \/><\/span><\/div>\n    <div class=\"column-1_6\"><span class=\"wpcf7-form-control-wrap\" data-name=\"name3\"><input size=\"40\" maxlength=\"400\" class=\"wpcf7-form-control wpcf7-text wpcf7-validates-as-required\" aria-required=\"true\" aria-invalid=\"false\" placeholder=\"Nr rej\" value=\"\" type=\"text\" name=\"name3\" \/><\/span><\/div>\n    <div class=\"column-1_6\"><span class=\"wpcf7-form-control-wrap\" data-name=\"tel-344\"><input size=\"40\" maxlength=\"400\" class=\"wpcf7-form-control wpcf7-tel wpcf7-validates-as-required wpcf7-text wpcf7-validates-as-tel\" aria-required=\"true\" aria-invalid=\"false\" placeholder=\"Nr tel.\" value=\"\" type=\"tel\" name=\"tel-344\" \/><\/span><\/div>\n    <div class=\"column-1_6\">\n        <p><b>Wyb\u00f3r:<\/b><\/p>\n        <label><input type=\"radio\" name=\"choice\" value=\"garaz\"> Gara\u017c<\/label>\n        <label><input type=\"radio\" name=\"choice\" value=\"powietrze\"> Powietrze<\/label>\n    <\/div>\n<\/div>\n\n<div class=\"columns_wrap\">\n    <div class=\"column-1_6\"><b>Data do<\/b> <span class=\"wpcf7-form-control-wrap\" data-name=\"date-to\"><input class=\"wpcf7-form-control wpcf7-date wpcf7-validates-as-required wpcf7-validates-as-date\" aria-required=\"true\" aria-invalid=\"false\" placeholder=\"Data zako\u0144czenia\" value=\"\" type=\"date\" name=\"date-to\" \/><\/span><\/div>\n    <div class=\"column-1_6\"><span class=\"wpcf7-form-control-wrap\" data-name=\"name4\"><input size=\"40\" maxlength=\"400\" class=\"wpcf7-form-control wpcf7-text wpcf7-validates-as-required\" aria-required=\"true\" aria-invalid=\"false\" placeholder=\"Data\/godz. wylotu\" value=\"\" type=\"text\" name=\"name4\" \/><\/span><\/div>\n    <div class=\"column-1_6\"><span class=\"wpcf7-form-control-wrap\" data-name=\"name5\"><input size=\"40\" maxlength=\"400\" class=\"wpcf7-form-control wpcf7-text wpcf7-validates-as-required\" aria-required=\"true\" aria-invalid=\"false\" placeholder=\"Data\/godz. przylotu\" value=\"\" type=\"text\" name=\"name5\" \/><\/span><\/div>\n    <div class=\"column-1_6\"><span class=\"wpcf7-form-control-wrap\" data-name=\"name6\"><input size=\"40\" maxlength=\"400\" class=\"wpcf7-form-control wpcf7-text wpcf7-validates-as-required\" aria-required=\"true\" aria-invalid=\"false\" placeholder=\"Liczba os\u00f3b\" value=\"\" type=\"text\" name=\"name6\" \/><\/span><\/div>\n    <div class=\"column-1_6\"><span class=\"wpcf7-form-control-wrap\" data-name=\"email\"><input size=\"40\" maxlength=\"400\" class=\"wpcf7-form-control wpcf7-email wpcf7-validates-as-required wpcf7-text wpcf7-validates-as-email\" aria-required=\"true\" aria-invalid=\"false\" placeholder=\"E-mail\" value=\"\" type=\"email\" name=\"email\" \/><\/span><\/div>\n    <div class=\"column-1_6\"><input class=\"wpcf7-form-control wpcf7-submit has-spinner\" type=\"submit\" value=\"REZERWACJA\" \/><\/div>\n<\/div><div class=\"wpcf7-response-output\" aria-hidden=\"true\"><\/div>\n<\/form>\n<\/div>\n[vc_empty_space alter_height=&#8221;medium&#8221; hide_on_desktop=&#8221;&#8221; hide_on_notebook=&#8221;&#8221; hide_on_tablet=&#8221;&#8221; hide_on_mobile=&#8221;&#8221;][\/vc_column][\/vc_row][vc_row full_width=&#8221;stretch_row&#8221; hide_bg_image_on_tablet=&#8221;&#8221; hide_bg_image_on_mobile=&#8221;&#8221; css=&#8221;.vc_custom_1540543137150{background-color: #f6f7f8 !important;}&#8221;][vc_column icons_position=&#8221;left&#8221;][vc_empty_space alter_height=&#8221;huge&#8221; hide_on_desktop=&#8221;&#8221; hide_on_notebook=&#8221;&#8221; hide_on_tablet=&#8221;&#8221; hide_on_mobile=&#8221;1&#8243; css=&#8221;.vc_custom_1540992000097{margin-bottom: 0.8rem !important;}&#8221;][\/vc_column][vc_column width=&#8221;7\/12&#8243; hide_bg_image_on_tablet=&#8221;&#8221; hide_bg_image_on_mobile=&#8221;&#8221; icons_position=&#8221;left&#8221; offset=&#8221;vc_col-md-6&#8243;][vc_single_image image=&#8221;1113&#8243; img_size=&#8221;full&#8221;][\/vc_column][vc_column width=&#8221;5\/12&#8243; hide_bg_image_on_tablet=&#8221;&#8221; hide_bg_image_on_mobile=&#8221;&#8221; icons_position=&#8221;left&#8221; offset=&#8221;vc_col-md-offset-1 vc_col-md-4&#8243;][vc_empty_space height=&#8221;2rem&#8221; alter_height=&#8221;none&#8221; hide_on_desktop=&#8221;&#8221; hide_on_notebook=&#8221;&#8221; hide_on_tablet=&#8221;&#8221; hide_on_mobile=&#8221;&#8221;]<div id=\"sc_title_325729489\"\n\t\tclass=\"sc_title color_style_default sc_title_default\"><h2 class=\"sc_item_title sc_title_title sc_align_left sc_item_title_style_default\">Parkuj u nas !<\/h2><div class=\"sc_item_descr sc_title_descr sc_align_left\"><p>Prywatny parking lotnisko oferuje miejsca postojowe dla klient\u00f3w portu lotniczego Warszawa-Radom na ogrodzonej, utwardzonej i monitorowanej posesji. Wszystko pod sta\u0142ym nadzorem w\u0142a\u015bcicieli.<\/p>\n<\/div><\/div><!-- \/.sc_title -->[\/vc_column][vc_column width=&#8221;5\/6&#8243; fix_column=&#8221;&#8221; hide_bg_image_on_tablet=&#8221;&#8221; hide_bg_image_on_mobile=&#8221;&#8221; icons_position=&#8221;left&#8221; offset=&#8221;vc_col-sm-offset-2 vc_col-xs-12&#8243;]<div class=\"sc_content_wrap sc_push_large\"><div id=\"sc_content_749986241\"\n\t\tclass=\"sc_content color_style_default sc_content_default sc_float_center\"><div class=\"sc_content_container\"><div id=\"sc_googlemap_1088673844_wrap\" class=\"sc_googlemap_wrap\"><div id=\"sc_googlemap_1088673844\"\n\t\t\tclass=\"sc_googlemap sc_googlemap_default trx_addons_inline_1816473518\"\n\t\t\t\t\t\tdata-zoom=\"18\"\n\t\t\tdata-style=\"grey\"\n\t\t\tdata-cluster-icon=\"1042\"\n\t\t\t><iframe\n\t\t\t\t\tsrc=\"https:\/\/maps.google.com\/maps?t=m&output=embed&iwloc=near&z=18&q=51.39706110626825%2C+21.198563447792072\"\n\t\t\t\t\tscrolling=\"no\"\n\t\t\t\t\tmarginheight=\"0\"\n\t\t\t\t\tmarginwidth=\"0\"\n\t\t\t\t\tframeborder=\"0\"\n\t\t\t\t\taria-label=\"\"><\/iframe><\/div><\/div><!-- \/.sc_googlemap_wrap --><\/div><\/div><!-- \/.sc_content --><\/div><!-- \/.sc_content_wrap -->[\/vc_column][vc_column icons_position=&#8221;left&#8221;][vc_empty_space alter_height=&#8221;medium&#8221; hide_on_desktop=&#8221;&#8221; hide_on_notebook=&#8221;&#8221; hide_on_tablet=&#8221;&#8221; hide_on_mobile=&#8221;&#8221; css=&#8221;.vc_custom_1523533515276{margin-bottom: -0.5rem !important;}&#8221;][\/vc_column][\/vc_row][vc_row full_width=&#8221;stretch_row&#8221; hide_bg_image_on_tablet=&#8221;&#8221; hide_bg_image_on_mobile=&#8221;&#8221; css=&#8221;.vc_custom_1540543363386{background-color: #f6f7f8 !important;}&#8221;][vc_column icons_position=&#8221;left&#8221;]<div id=\"sc_services_1078603557\" class=\"sc_services color_style_default sc_services_default sc_services_featured_left\"><div class=\"sc_services_columns_wrap sc_item_columns sc_item_posts_container sc_item_columns_3 trx_addons_columns_wrap columns_padding_bottom\"><div class=\"trx_addons_column-1_3\"><div class=\"sc_services_item no_links with_content with_icon sc_services_item_featured_left post-306 cpt_services type-cpt_services status-publish has-post-thumbnail hentry cpt_services_group-saving\">\n\t<a href=\"https:\/\/www.parkingmax.pl\/index.php\/services\/save-money\/\" id=\"sc_services_1078603557_icon-wallet_1\"\n\t\t\t\t class=\"sc_services_item_icon icon-wallet\"><\/a>\t\n\t<div class=\"sc_services_item_info\">\n\t\t<div class=\"sc_services_item_header\">\n\t\t\t<h4 class=\"sc_services_item_title\"><a href=\"https:\/\/www.parkingmax.pl\/index.php\/services\/save-money\/\">Oszcz\u0119dzaj pieni\u0105dze<\/a><\/h4>\n\t\t<\/div>\n\t\t\t\t\t<div class=\"sc_services_item_content\"><p>Gwarantujemy najlepsz\u0105 cen\u0119 za bezpieczny parking przy lotnisku Warszawa-Radom <\/p>\n<\/div><\/div>\n<\/div>\n<\/div><div class=\"trx_addons_column-1_3\"><div class=\"sc_services_item no_links with_content with_icon sc_services_item_featured_left post-305 cpt_services type-cpt_services status-publish has-post-thumbnail hentry cpt_services_group-saving\">\n\t<a href=\"https:\/\/www.parkingmax.pl\/index.php\/services\/save-time\/\" id=\"sc_services_1078603557_icon-timer-1_2\"\n\t\t\t\t class=\"sc_services_item_icon icon-timer-1\"><\/a>\t\n\t<div class=\"sc_services_item_info\">\n\t\t<div class=\"sc_services_item_header\">\n\t\t\t<h4 class=\"sc_services_item_title\"><a href=\"https:\/\/www.parkingmax.pl\/index.php\/services\/save-time\/\">Oszcz\u0119d\u017a czas<\/a><\/h4>\n\t\t<\/div>\n\t\t\t\t\t<div class=\"sc_services_item_content\"><p>po to aby swobodnie zd\u0105\u017cy\u0107 za\u0142atwi\u0107 wszystkie niezb\u0119dne formalno\u015bci na lotnisku<\/p>\n<\/div><\/div>\n<\/div>\n<\/div><div class=\"trx_addons_column-1_3\"><div class=\"sc_services_item no_links with_content with_icon sc_services_item_featured_left post-304 cpt_services type-cpt_services status-publish has-post-thumbnail hentry cpt_services_group-saving\">\n\t<a href=\"https:\/\/www.parkingmax.pl\/index.php\/services\/save-stress\/\" id=\"sc_services_1078603557_icon-like_3\"\n\t\t\t\t class=\"sc_services_item_icon icon-like\"><\/a>\t\n\t<div class=\"sc_services_item_info\">\n\t\t<div class=\"sc_services_item_header\">\n\t\t\t<h4 class=\"sc_services_item_title\"><a href=\"https:\/\/www.parkingmax.pl\/index.php\/services\/save-stress\/\">Bez stresu<\/a><\/h4>\n\t\t<\/div>\n\t\t\t\t\t<div class=\"sc_services_item_content\"><p>blisko\u015b\u0107 lotniska sprawi \u017ce bez niepotrzebnego stresu dotrzesz w wymarzone miejsce <\/p>\n<\/div><\/div>\n<\/div>\n<\/div><\/div><\/div><!-- \/.sc_services -->[vc_empty_space alter_height=&#8221;huge&#8221; hide_on_desktop=&#8221;&#8221; hide_on_notebook=&#8221;&#8221; hide_on_tablet=&#8221;&#8221; hide_on_mobile=&#8221;&#8221; css=&#8221;.vc_custom_1523533697387{margin-bottom: -1.3rem !important;}&#8221;][\/vc_column][\/vc_row][vc_row][vc_column icons_position=&#8221;left&#8221;][\/vc_column][\/vc_row][vc_row][vc_column icons_position=&#8221;left&#8221;]<div id=\"sc_content_761226685\"\n\t\tclass=\"sc_content color_style_default sc_content_default sc_content_width_1_1 sc_float_center\"><div class=\"sc_content_container\">[vc_empty_space alter_height=&#8221;small&#8221; hide_on_desktop=&#8221;&#8221; hide_on_notebook=&#8221;&#8221; hide_on_tablet=&#8221;&#8221; hide_on_mobile=&#8221;&#8221;][vc_empty_space hide_on_desktop=&#8221;&#8221; hide_on_notebook=&#8221;&#8221; hide_on_tablet=&#8221;1&#8243; hide_on_mobile=&#8221;1&#8243;]<\/div><\/div><!-- \/.sc_content -->[\/vc_column][\/vc_row][vc_row full_width=&#8221;stretch_row&#8221; equal_height=&#8221;yes&#8221; content_placement=&#8221;middle&#8221; scheme=&#8221;dark&#8221; hide_bg_image_on_tablet=&#8221;&#8221; hide_bg_image_on_mobile=&#8221;&#8221; css=&#8221;.vc_custom_1701327081727{background-image: url(http:\/\/www.parkingmax.pl\/wp-content\/uploads\/2023\/08\/lotnisko-radom-parking-9.jpg?id=1024) !important;background-position: center !important;background-repeat: no-repeat !important;background-size: cover !important;}&#8221;][vc_column icons_position=&#8221;left&#8221;][vc_empty_space alter_height=&#8221;medium&#8221; hide_on_desktop=&#8221;&#8221; hide_on_notebook=&#8221;&#8221; hide_on_tablet=&#8221;&#8221; hide_on_mobile=&#8221;&#8221; css=&#8221;.vc_custom_1523350762023{margin-bottom: -1em !important;}&#8221;][\/vc_column][vc_column width=&#8221;2\/3&#8243; icons_position=&#8221;left&#8221;]<div id=\"sc_title_1391740406\"\n\t\tclass=\"sc_title color_style_default sc_title_default\"><h2 class=\"sc_item_title sc_title_title sc_align_left sc_item_title_style_default sc_item_title_tag\">Wybierz pewne i bezpieczne miejsce<\/h2><\/div><!-- \/.sc_title -->[\/vc_column][vc_column width=&#8221;1\/3&#8243; hide_bg_image_on_tablet=&#8221;&#8221; hide_bg_image_on_mobile=&#8221;&#8221; icons_position=&#8221;left&#8221; css=&#8221;.vc_custom_1540993548656{padding-right: 0px !important;}&#8221;][vc_empty_space height=&#8221;0.2em&#8221; hide_on_desktop=&#8221;&#8221; hide_on_notebook=&#8221;&#8221; hide_on_tablet=&#8221;&#8221; hide_on_mobile=&#8221;&#8221;]<div class=\"sc_item_button sc_button_wrap sc_align_right\"><a href=\"http:\/\/www.parkingmax.pl\/index.php\/reservations\/\" id=\"sc_button_321409205\" class=\"sc_button color_style_dark sc_button_default sc_button_size_normal sc_button_icon_left\"><span class=\"sc_button_text\"><span class=\"sc_button_title\">Wybierz dat\u0119<\/span><\/span><!-- \/.sc_button_text --><\/a><!-- \/.sc_button --><\/div><!-- \/.sc_item_button -->[\/vc_column][vc_column icons_position=&#8221;left&#8221;][vc_empty_space alter_height=&#8221;medium&#8221; hide_on_desktop=&#8221;&#8221; hide_on_notebook=&#8221;&#8221; hide_on_tablet=&#8221;&#8221; hide_on_mobile=&#8221;&#8221; css=&#8221;.vc_custom_1523350794838{margin-bottom: -0.45em !important;}&#8221;][\/vc_column][\/vc_row][vc_row][vc_column icons_position=&#8221;left&#8221;][vc_separator][vc_column_text]<\/p>\n<p style=\"text-align: center;\"><strong>Bezpieczny i Komfortowy Parking Blisko Lotniska Warszawa-Radom:<\/strong><br \/>\nZaparkuj sw\u00f3j samoch\u00f3d zaledwie 300 m od lotniska Warszawa-Radom na PARKINGMAX. Oferujemy r\u00f3\u017cnorodno\u015b\u0107 miejsc parkingowych na powietrzu i zadaszonych, w tym tak\u017ce miejsca w zamykanych gara\u017cach i hali. Bezpiecze\u0144stwo, wygoda i bezstresowe podr\u00f3\u017cowanie &#8211; to nasza obietnica!<\/p>\n<p style=\"text-align: center;\"><strong>Monitoring 24\/7:<\/strong><br \/>\nTw\u00f3j pojazd jest u nas bezpieczny. Nasz parking jest monitorowany przez ca\u0142\u0105 dob\u0119, zapewniaj\u0105c Ci spokojn\u0105 podr\u00f3\u017c.<\/p>\n<p style=\"text-align: center;\"><strong>Ochrona Przed Warunkami Atmosferycznymi:<\/strong><br \/>\nZim\u0105 nie musisz martwi\u0107 si\u0119 o czyszczenie \u015bniegu &#8211; odbierasz samoch\u00f3d gotowy do drogi. Latem, dzi\u0119ki miejscom w gara\u017cach, unikasz przegrzewania auta. Zadbaj o sw\u00f3j pojazd z PARKINGMAX!<\/p>\n<p style=\"text-align: center;\"><strong>Profesjonalna Obs\u0142uga i Transfer Lotniskowy:<\/strong><br \/>\nZ nami podr\u00f3\u017cujesz bezstresowo. Oferujemy konkurencyjne ceny, wygodny transfer lotniskowy i obs\u0142ug\u0119 na najwy\u017cszym poziomie. Zaufaj nam, jeste\u015bmy pewni, \u017ce spe\u0142nimy Twoje oczekiwania.<\/p>\n<p style=\"text-align: center;\"><strong>Najlepsza Cena:<\/strong><br \/>\nPARKINGMAX gwarantuje nie tylko bezpieczne miejsca, ale tak\u017ce najlepsz\u0105 cen\u0119. Por\u00f3wnaj nasze oferty, a przekonasz si\u0119, \u017ce z nami oszcz\u0119dzasz, nie trac\u0105c przy tym na jako\u015bci obs\u0142ugi.<\/p>\n<p style=\"text-align: center;\"><strong>Blisko Lotniska &#8211; Szybki Dojazd:<\/strong><br \/>\nZnajdujemy si\u0119 zaledwie 300 m od g\u0142\u00f3wnego wej\u015bcia do portu lotniczego. Czas dojazdu to zaledwie 60 sekund! Je\u015bli preferujesz spacer, jeste\u015b na miejscu w 5 minut.<\/p>\n<p style=\"text-align: center;\"><strong>PARKINGMAX &#8211; Bezstresowy Parking, Najlepsza Cena, Tw\u00f3j Komfort Podr\u00f3\u017cowania!<\/strong><br \/>\nZaufaj nam, a Tw\u00f3j samoch\u00f3d zawsze b\u0119dzie w najlepszych r\u0119kach. Jeste\u015bmy pewni, \u017ce nasza oferta spe\u0142ni Twoje oczekiwania. Nie[\/vc_column_text][vc_separator][\/vc_column][\/vc_row]<\/p>\n<\/section>","protected":false},"excerpt":{"rendered":"<p>[vc_row full_width=&#8221;stretch_row_content_no_spaces&#8221;][vc_column icons_position=&#8221;left&#8221;][rev_slider_vc alias=&#8221;slider-4&#8243;][\/vc_column][\/vc_row][vc_row full_width=&#8221;stretch_row&#8221; hide_bg_image_on_tablet=&#8221;&#8221; hide_bg_image_on_mobile=&#8221;&#8221; row_delimiter=&#8221;&#8221; hide_on_desktop=&#8221;1&#8243; hide_on_notebook=&#8221;1&#8243; hide_on_tablet=&#8221;1&#8243; hide_on_mobile=&#8221;&#8221; hide_on_frontpage=&#8221;&#8221; css=&#8221;.vc_custom_1540991807205{background-color: #f6f7f8 !important;}&#8221;][vc_column icons_position=&#8221;left&#8221; offset=&#8221;vc_col-md-offset-1 vc_col-md-10&#8243;][vc_empty_space alter_height=&#8221;medium&#8221; hide_on_desktop=&#8221;&#8221; hide_on_notebook=&#8221;&#8221; hide_on_tablet=&#8221;&#8221; hide_on_mobile=&#8221;&#8221;][vc_empty_space alter_height=&#8221;medium&#8221; hide_on_desktop=&#8221;&#8221; hide_on_notebook=&#8221;&#8221; hide_on_tablet=&#8221;&#8221; hide_on_mobile=&#8221;&#8221;][\/vc_column][\/vc_row][vc_row full_width=&#8221;stretch_row&#8221;&hellip;<\/p>\n","protected":false},"author":1,"featured_media":0,"parent":0,"menu_order":0,"comment_status":"closed","ping_status":"closed","template":"","meta":{"footnotes":""},"_links":{"self":[{"href":"https:\/\/www.parkingmax.pl\/index.php\/wp-json\/wp\/v2\/pages\/810"}],"collection":[{"href":"https:\/\/www.parkingmax.pl\/index.php\/wp-json\/wp\/v2\/pages"}],"about":[{"href":"https:\/\/www.parkingmax.pl\/index.php\/wp-json\/wp\/v2\/types\/page"}],"author":[{"embeddable":true,"href":"https:\/\/www.parkingmax.pl\/index.php\/wp-json\/wp\/v2\/users\/1"}],"replies":[{"embeddable":true,"href":"https:\/\/www.parkingmax.pl\/index.php\/wp-json\/wp\/v2\/comments?post=810"}],"version-history":[{"count":29,"href":"https:\/\/www.parkingmax.pl\/index.php\/wp-json\/wp\/v2\/pages\/810\/revisions"}],"predecessor-version":[{"id":1233,"href":"https:\/\/www.parkingmax.pl\/index.php\/wp-json\/wp\/v2\/pages\/810\/revisions\/1233"}],"wp:attachment":[{"href":"https:\/\/www.parkingmax.pl\/index.php\/wp-json\/wp\/v2\/media?parent=810"}],"curies":[{"name":"wp","href":"https:\/\/api.w.org\/{rel}","templated":true}]}}